{"id":1036,"date":"2024-02-16T15:33:03","date_gmt":"2024-02-16T15:33:03","guid":{"rendered":"https:\/\/pedrocasiano.es\/?page_id=1036"},"modified":"2024-02-16T15:33:03","modified_gmt":"2024-02-16T15:33:03","slug":"esa-mirada","status":"publish","type":"page","link":"https:\/\/pedrocasiano.es\/?page_id=1036","title":{"rendered":"Esa mirada"},"content":{"rendered":"\n<div class=\"wp-block-media-text is-stacked-on-mobile is-vertically-aligned-top\"><figure class=\"wp-block-media-text__media\"><img decoding=\"async\" width=\"564\" height=\"899\" data-src=\"https:\/\/pedrocasiano.es\/wp-content\/uploads\/2024\/02\/image-16.jpeg\" alt=\"No hay ninguna descripci\u00f3n de la foto disponible.\" class=\"wp-image-1037 size-full lazyload\" src=\"data:image\/svg+xml;base64,PHN2ZyB3aWR0aD0iMSIgaGVpZ2h0PSIxIiB4bWxucz0iaHR0cDovL3d3dy53My5vcmcvMjAwMC9zdmciPjwvc3ZnPg==\" style=\"--smush-placeholder-width: 564px; --smush-placeholder-aspect-ratio: 564\/899;\" \/><\/figure><div class=\"wp-block-media-text__content\">\n<p><\/p>\n\n\n\n<p>Esa mirada<\/p>\n\n\n\n<p>De hembra,<\/p>\n\n\n\n<p>De loba herida,<\/p>\n\n\n\n<p>De mujer de br\u00edo<\/p>\n\n\n\n<p>De amor m\u00edo<\/p>\n\n\n\n<p>De <a><\/a>morena clara<\/p>\n\n\n\n<p>De pelo prolijo<\/p>\n\n\n\n<p>De amor infinito.<\/p>\n\n\n\n<p>M\u00edrame con tus ojos brillantes<\/p>\n\n\n\n<p>Con tu cara, con tu moreno semblante<\/p>\n\n\n\n<p>Orgullosa la frente<\/p>\n\n\n\n<p>Desafiante la mirada.<\/p>\n\n\n\n<p>La barbilla alta<\/p>\n\n\n\n<p>Orgullo de hembra<\/p>\n\n\n\n<p>De llevarte del brazo<\/p>\n\n\n\n<p>De pasearte en los jardines<\/p>\n\n\n\n<p>Para que las flores mueran de envidia<\/p>\n\n\n\n<p>Mi morena, mi reina, mi orgullosa esposa<\/p>\n\n\n\n<p>Tu pelo rizado, tu caracol encendido<\/p>\n\n\n\n<p>Tus ojos esmeralda, tus labios brav\u00edos<\/p>\n\n\n\n<p>Tu pasi\u00f3n de vida, que ama hasta la locura<\/p>\n\n\n\n<p>Y que me avisa, todos los d\u00edas<\/p>\n\n\n\n<p>Dici\u00e9ndome que ser\u00e1 para siempre m\u00eda,<\/p>\n\n\n\n<p>Pero que no peque, que, por matarme, morir\u00eda<\/p>\n\n\n\n<p>Esa es mi hembra, dura como mi tierra<\/p>\n\n\n\n<p>Bella como la misma,<\/p>\n\n\n\n<p>Enorme en su estatura<\/p>\n\n\n\n<p>Escultura de sol y verde<\/p>\n\n\n\n<p>Morena de orgullosa barbilla<\/p>\n\n\n\n<p>Y de altanera frente.<\/p>\n<\/div><\/div>\n","protected":false},"excerpt":{"rendered":"<p>Esa mirada De hembra, De loba herida, De mujer de br\u00edo De amor m\u00edo De morena clara De pelo prolijo De amor infinito. M\u00edrame con tus ojos brillantes Con tu cara, con tu moreno semblante Orgullosa la frente Desafiante la mirada. La barbilla alta Orgullo de hembra De llevarte del brazo De pasearte en los &hellip; <\/p>\n<p class=\"link-more\"><a href=\"https:\/\/pedrocasiano.es\/?page_id=1036\" class=\"more-link\">Leer m\u00e1s<span class=\"screen-reader-text\"> \u00abEsa mirada\u00bb<\/span><\/a><\/p>\n","protected":false},"author":1,"featured_media":0,"parent":0,"menu_order":0,"comment_status":"closed","ping_status":"closed","template":"","meta":{"inspiro_hide_title":false,"footnotes":""},"class_list":["post-1036","page","type-page","status-publish","hentry"],"featured_media_urls":[],"_links":{"self":[{"href":"https:\/\/pedrocasiano.es\/index.php?rest_route=\/wp\/v2\/pages\/1036","targetHints":{"allow":["GET"]}}],"collection":[{"href":"https:\/\/pedrocasiano.es\/index.php?rest_route=\/wp\/v2\/pages"}],"about":[{"href":"https:\/\/pedrocasiano.es\/index.php?rest_route=\/wp\/v2\/types\/page"}],"author":[{"embeddable":true,"href":"https:\/\/pedrocasiano.es\/index.php?rest_route=\/wp\/v2\/users\/1"}],"replies":[{"embeddable":true,"href":"https:\/\/pedrocasiano.es\/index.php?rest_route=%2Fwp%2Fv2%2Fcomments&post=1036"}],"version-history":[{"count":2,"href":"https:\/\/pedrocasiano.es\/index.php?rest_route=\/wp\/v2\/pages\/1036\/revisions"}],"predecessor-version":[{"id":10373,"href":"https:\/\/pedrocasiano.es\/index.php?rest_route=\/wp\/v2\/pages\/1036\/revisions\/10373"}],"wp:attachment":[{"href":"https:\/\/pedrocasiano.es\/index.php?rest_route=%2Fwp%2Fv2%2Fmedia&parent=1036"}],"curies":[{"name":"wp","href":"https:\/\/api.w.org\/{rel}","templated":true}]}}