{"id":1034,"date":"2024-02-16T15:31:15","date_gmt":"2024-02-16T15:31:15","guid":{"rendered":"https:\/\/pedrocasiano.es\/?page_id=1034"},"modified":"2026-04-02T10:11:35","modified_gmt":"2026-04-02T08:11:35","slug":"mi-poesia-etapa-ii","status":"publish","type":"page","link":"https:\/\/pedrocasiano.es\/?page_id=1034","title":{"rendered":"Colores Tibios. Etapa II"},"content":{"rendered":"\n<div class=\"wp-block-cover alignfull is-light has-custom-content-position is-position-top-left\" style=\"min-height:819px;aspect-ratio:unset;\"><img decoding=\"async\" width=\"1024\" height=\"683\" class=\"wp-block-cover__image-background wp-image-3549 lazyload\" alt=\"\" data-src=\"https:\/\/pedrocasiano.es\/wp-content\/uploads\/2024\/02\/ai-generated-8100948.jpg\" data-object-fit=\"cover\" src=\"data:image\/svg+xml;base64,PHN2ZyB3aWR0aD0iMSIgaGVpZ2h0PSIxIiB4bWxucz0iaHR0cDovL3d3dy53My5vcmcvMjAwMC9zdmciPjwvc3ZnPg==\" style=\"--smush-placeholder-width: 1024px; --smush-placeholder-aspect-ratio: 1024\/683;\" \/><span aria-hidden=\"true\" class=\"wp-block-cover__background has-background-dim\"><\/span><div class=\"wp-block-cover__inner-container has-global-padding is-layout-constrained wp-block-cover-is-layout-constrained\">\n<ul class=\"wp-block-list\">\n<li><a href=\"https:\/\/pedrocasiano.es\/?page_id=2550\" target=\"_blank\" rel=\"noreferrer noopener\">Son Tantos los A\u00f1os Pasados<\/a><\/li>\n\n\n\n<li><a href=\"https:\/\/pedrocasiano.es\/?page_id=2553\" target=\"_blank\" rel=\"noreferrer noopener\">Le\u00edas<\/a><\/li>\n\n\n\n<li><a href=\"https:\/\/pedrocasiano.es\/?page_id=2557\" target=\"_blank\" rel=\"noreferrer noopener\">Me Miras<\/a><\/li>\n\n\n\n<li><a href=\"https:\/\/pedrocasiano.es\/?page_id=2560\" target=\"_blank\" rel=\"noreferrer noopener\">Sue\u00f1as que te So\u00f1\u00e9 un D\u00eda<\/a><\/li>\n\n\n\n<li><a href=\"https:\/\/pedrocasiano.es\/?page_id=2563\" target=\"_blank\" rel=\"noreferrer noopener\">Desnuda Sobre la Blanca Cama<\/a><\/li>\n\n\n\n<li><a href=\"https:\/\/pedrocasiano.es\/?page_id=2566\" target=\"_blank\" rel=\"noreferrer noopener\">Te Veo, Desfallecida<\/a><\/li>\n\n\n\n<li><a href=\"https:\/\/pedrocasiano.es\/?page_id=2569\" target=\"_blank\" rel=\"noreferrer noopener\">Dejadme que Muera<\/a><\/li>\n\n\n\n<li><a href=\"https:\/\/pedrocasiano.es\/?page_id=2572\" target=\"_blank\" rel=\"noreferrer noopener\">Malos Tiempos<\/a><\/li>\n\n\n\n<li><a href=\"https:\/\/pedrocasiano.es\/?page_id=2575\" target=\"_blank\" rel=\"noreferrer noopener\">Mares de Tierra Calma<\/a><\/li>\n\n\n\n<li><a href=\"https:\/\/pedrocasiano.es\/?page_id=2578\" target=\"_blank\" rel=\"noreferrer noopener\">Tiempos de Sal<\/a><\/li>\n\n\n\n<li><a href=\"https:\/\/pedrocasiano.es\/?page_id=2581\" target=\"_blank\" rel=\"noreferrer noopener\">Perros Ciegos<\/a><\/li>\n\n\n\n<li><a href=\"https:\/\/pedrocasiano.es\/?page_id=2584\" target=\"_blank\" rel=\"noreferrer noopener\">Amanece en la Ciudad Muerta<\/a><\/li>\n\n\n\n<li><a href=\"https:\/\/pedrocasiano.es\/?page_id=2587\" target=\"_blank\" rel=\"noreferrer noopener\">D\u00edas de Serpiente<\/a><\/li>\n\n\n\n<li><a href=\"https:\/\/pedrocasiano.es\/?page_id=2590\" target=\"_blank\" rel=\"noreferrer noopener\">Miseria, Destrucci\u00f3n<\/a><\/li>\n\n\n\n<li><a href=\"https:\/\/pedrocasiano.es\/?page_id=2593\">P\u00edld<\/a><a href=\"https:\/\/pedrocasiano.es\/?page_id=2593\" target=\"_blank\" rel=\"noreferrer noopener\">o<\/a><a href=\"https:\/\/pedrocasiano.es\/?page_id=2593\">ras de Colores<\/a><\/li>\n\n\n\n<li><a href=\"https:\/\/pedrocasiano.es\/?page_id=2596\" target=\"_blank\" rel=\"noreferrer noopener\">El D\u00eda en que me Muera<\/a><\/li>\n\n\n\n<li><a href=\"https:\/\/pedrocasiano.es\/?page_id=2599\" target=\"_blank\" rel=\"noreferrer noopener\">Elipses C\u00f3nicas, Cuadradas<\/a><\/li>\n\n\n\n<li><a href=\"https:\/\/pedrocasiano.es\/?page_id=2602\" target=\"_blank\" rel=\"noreferrer noopener\">Amanecen los D\u00edas<\/a><\/li>\n\n\n\n<li><a href=\"https:\/\/pedrocasiano.es\/?page_id=2605\" target=\"_blank\" rel=\"noreferrer noopener\">Me Canse de Esperar a Dios y sus Bondades<\/a><\/li>\n\n\n\n<li><a href=\"https:\/\/pedrocasiano.es\/?page_id=2609\" target=\"_blank\" rel=\"noreferrer noopener\">He Esperado Tanto<\/a><\/li>\n\n\n\n<li><a href=\"https:\/\/pedrocasiano.es\/?page_id=2612\" target=\"_blank\" rel=\"noreferrer noopener\">Jinetes Blancos del Alba<\/a><\/li>\n\n\n\n<li><a href=\"https:\/\/pedrocasiano.es\/?page_id=2615\" target=\"_blank\" rel=\"noreferrer noopener\">Callados, Sin Referencia<\/a><\/li>\n\n\n\n<li><a href=\"https:\/\/pedrocasiano.es\/?page_id=2618\" target=\"_blank\" rel=\"noreferrer noopener\">\u00bfCu\u00e1ndo Perdimos la Primogenitura?<\/a><\/li>\n\n\n\n<li><a href=\"https:\/\/pedrocasiano.es\/?page_id=3643\" target=\"_blank\" rel=\"noreferrer noopener\">\u00bfQui\u00e9n cuida ya de los Viejos?<\/a><\/li>\n\n\n\n<li><a href=\"https:\/\/pedrocasiano.es\/?page_id=3646\" target=\"_blank\" rel=\"noreferrer noopener\">Retazos de mi Memoria<\/a><\/li>\n\n\n\n<li><a href=\"https:\/\/pedrocasiano.es\/?page_id=3649\" target=\"_blank\" rel=\"noreferrer noopener\">Te Abandon\u00e9 porque te cre\u00ed M\u00eda<\/a><\/li>\n\n\n\n<li><a href=\"https:\/\/pedrocasiano.es\/?page_id=3652\" target=\"_blank\" rel=\"noreferrer noopener\">Una Noche te Conoc\u00ed<\/a><\/li>\n\n\n\n<li><a href=\"https:\/\/pedrocasiano.es\/?page_id=3655\" target=\"_blank\" rel=\"noreferrer noopener\">V\u00edctimas del Desamor<\/a><\/li>\n\n\n\n<li><a href=\"https:\/\/pedrocasiano.es\/?page_id=3658\" target=\"_blank\" rel=\"noreferrer noopener\">Aliento de Mujer Cansada<\/a><\/li>\n\n\n\n<li><a href=\"https:\/\/pedrocasiano.es\/?page_id=3661\" target=\"_blank\" rel=\"noreferrer noopener\">He Comido en Platos Lisos\u2026<\/a><\/li>\n\n\n\n<li><a href=\"https:\/\/pedrocasiano.es\/?page_id=3664\">Noso<\/a><a href=\"https:\/\/pedrocasiano.es\/?page_id=3664\" target=\"_blank\" rel=\"noreferrer noopener\">tros se Qued\u00f3 en la Lejan\u00eda<\/a><\/li>\n\n\n\n<li><a href=\"https:\/\/pedrocasiano.es\/?page_id=3667\" target=\"_blank\" rel=\"noreferrer noopener\">Cuidaros de los que os Sonr\u00eden<\/a><\/li>\n\n\n\n<li><a href=\"https:\/\/pedrocasiano.es\/?page_id=3670\" target=\"_blank\" rel=\"noreferrer noopener\">\u00bfRecuerdas Mujer?<\/a><\/li>\n\n\n\n<li><a href=\"https:\/\/pedrocasiano.es\/?page_id=3673\" target=\"_blank\" rel=\"noreferrer noopener\">Dentro de T\u00ed <\/a><\/li>\n\n\n\n<li><a href=\"https:\/\/pedrocasiano.es\/?page_id=3676\" target=\"_blank\" rel=\"noreferrer noopener\">Me Gusta Ver a las Mujeres<\/a><\/li>\n\n\n\n<li><a href=\"https:\/\/pedrocasiano.es\/?page_id=3679\" target=\"_blank\" rel=\"noreferrer noopener\">Trazos de tu Mirada<\/a><\/li>\n\n\n\n<li><a href=\"https:\/\/pedrocasiano.es\/?page_id=3682\" target=\"_blank\" rel=\"noreferrer noopener\">Si Sintierais como Yo<\/a><\/li>\n<\/ul>\n\n\n\n<p><strong>Todos los Derechos Reservados<\/strong><\/p>\n\n\n\n<p><strong>\u201cEstas novelas, publicaciones y dem\u00e1s, son obras de ficci\u00f3n. Los nombres, personajes, lugares e incidentes son producto de la imaginaci\u00f3n del autor o son utilizados de manera ficticia. Cualquier parecido con personas, vivas o muertas, o sucesos reales es pura coincidencia.\u201d<\/strong><\/p>\n<\/div><\/div>\n","protected":false},"excerpt":{"rendered":"","protected":false},"author":1,"featured_media":0,"parent":0,"menu_order":0,"comment_status":"closed","ping_status":"closed","template":"","meta":{"inspiro_hide_title":false,"footnotes":""},"class_list":["post-1034","page","type-page","status-publish","hentry"],"featured_media_urls":[],"_links":{"self":[{"href":"https:\/\/pedrocasiano.es\/index.php?rest_route=\/wp\/v2\/pages\/1034","targetHints":{"allow":["GET"]}}],"collection":[{"href":"https:\/\/pedrocasiano.es\/index.php?rest_route=\/wp\/v2\/pages"}],"about":[{"href":"https:\/\/pedrocasiano.es\/index.php?rest_route=\/wp\/v2\/types\/page"}],"author":[{"embeddable":true,"href":"https:\/\/pedrocasiano.es\/index.php?rest_route=\/wp\/v2\/users\/1"}],"replies":[{"embeddable":true,"href":"https:\/\/pedrocasiano.es\/index.php?rest_route=%2Fwp%2Fv2%2Fcomments&post=1034"}],"version-history":[{"count":17,"href":"https:\/\/pedrocasiano.es\/index.php?rest_route=\/wp\/v2\/pages\/1034\/revisions"}],"predecessor-version":[{"id":16613,"href":"https:\/\/pedrocasiano.es\/index.php?rest_route=\/wp\/v2\/pages\/1034\/revisions\/16613"}],"wp:attachment":[{"href":"https:\/\/pedrocasiano.es\/index.php?rest_route=%2Fwp%2Fv2%2Fmedia&parent=1034"}],"curies":[{"name":"wp","href":"https:\/\/api.w.org\/{rel}","templated":true}]}}