{"id":1006,"date":"2024-02-16T12:49:37","date_gmt":"2024-02-16T12:49:37","guid":{"rendered":"https:\/\/pedrocasiano.es\/?page_id=1006"},"modified":"2024-03-20T07:21:52","modified_gmt":"2024-03-20T07:21:52","slug":"poemas-sin-serlo","status":"publish","type":"page","link":"https:\/\/pedrocasiano.es\/?page_id=1006","title":{"rendered":"Poemas sin Serlo"},"content":{"rendered":"\n<div class=\"wp-block-media-text is-stacked-on-mobile is-vertically-aligned-top\"><figure class=\"wp-block-media-text__media\"><img decoding=\"async\" width=\"533\" height=\"800\" data-src=\"https:\/\/pedrocasiano.es\/wp-content\/uploads\/2024\/03\/Poemas-sin-nada-mas_1eng.jpg\" alt=\"\" class=\"wp-image-6081 size-full lazyload\" src=\"data:image\/svg+xml;base64,PHN2ZyB3aWR0aD0iMSIgaGVpZ2h0PSIxIiB4bWxucz0iaHR0cDovL3d3dy53My5vcmcvMjAwMC9zdmciPjwvc3ZnPg==\" style=\"--smush-placeholder-width: 533px; --smush-placeholder-aspect-ratio: 533\/800;\" \/><\/figure><div class=\"wp-block-media-text__content\">\n<p>Exaltaciones, recuerdos, a\u00f1oranzas, vestigios, huecos, deseos, todo combinado para crear algo que ha ido naciendo al paso de los d\u00edas, de las semanas, de la incontables vaivenes de la vida, de sus aconteceres y de sus paradas que nos llevan al v\u00e9rtigo del pensamiento en la soledad.<\/p>\n\n\n\n<p><br>P\u00e1rrafos de vida que se difuminan en la soledad de esas noches de lo que pudo ser y no fue, de lo que ha sido, y bien est\u00e1, de lo que se a\u00f1ora, de lo que se valora, de lo que\u2026 \u00a1qu\u00e9 m\u00e1s da!<\/p>\n\n\n\n<p><br>Y la vida sigue, a pesar de que solo nos sirve para continuar, no se escribe para nadie, se escribe para sobrevivir con la mente rayana en la locura, sin pasar el perfil de la mediocridad mundana.<\/p>\n\n\n\n<p><br>Y todo sigue igual, nada sirve, todo est\u00e1 usado, nosotros m\u00e1s, y cantamos, canto a la esperanza a los momentos vividos, a los perdidos, a lo que fue, a lo que no pudo ser, y me pierdo entre las l\u00edneas que son como zarcillos de una vid infinita\u2026<\/p>\n<\/div><\/div>\n","protected":false},"excerpt":{"rendered":"<p>Exaltaciones, recuerdos, a\u00f1oranzas, vestigios, huecos, deseos, todo combinado para crear algo que ha ido naciendo al paso de los d\u00edas, de las semanas, de la incontables vaivenes de la vida, de sus aconteceres y de sus paradas que nos llevan al v\u00e9rtigo del pensamiento en la soledad. P\u00e1rrafos de vida que se difuminan en la &hellip; <\/p>\n<p class=\"link-more\"><a href=\"https:\/\/pedrocasiano.es\/?page_id=1006\" class=\"more-link\">Leer m\u00e1s<span class=\"screen-reader-text\"> \u00abPoemas sin Serlo\u00bb<\/span><\/a><\/p>\n","protected":false},"author":1,"featured_media":0,"parent":0,"menu_order":0,"comment_status":"closed","ping_status":"closed","template":"","meta":{"inspiro_hide_title":false,"footnotes":""},"class_list":["post-1006","page","type-page","status-publish","hentry"],"featured_media_urls":[],"_links":{"self":[{"href":"https:\/\/pedrocasiano.es\/index.php?rest_route=\/wp\/v2\/pages\/1006","targetHints":{"allow":["GET"]}}],"collection":[{"href":"https:\/\/pedrocasiano.es\/index.php?rest_route=\/wp\/v2\/pages"}],"about":[{"href":"https:\/\/pedrocasiano.es\/index.php?rest_route=\/wp\/v2\/types\/page"}],"author":[{"embeddable":true,"href":"https:\/\/pedrocasiano.es\/index.php?rest_route=\/wp\/v2\/users\/1"}],"replies":[{"embeddable":true,"href":"https:\/\/pedrocasiano.es\/index.php?rest_route=%2Fwp%2Fv2%2Fcomments&post=1006"}],"version-history":[{"count":5,"href":"https:\/\/pedrocasiano.es\/index.php?rest_route=\/wp\/v2\/pages\/1006\/revisions"}],"predecessor-version":[{"id":6082,"href":"https:\/\/pedrocasiano.es\/index.php?rest_route=\/wp\/v2\/pages\/1006\/revisions\/6082"}],"wp:attachment":[{"href":"https:\/\/pedrocasiano.es\/index.php?rest_route=%2Fwp%2Fv2%2Fmedia&parent=1006"}],"curies":[{"name":"wp","href":"https:\/\/api.w.org\/{rel}","templated":true}]}}