{"id":1003,"date":"2024-02-16T12:48:59","date_gmt":"2024-02-16T12:48:59","guid":{"rendered":"https:\/\/pedrocasiano.es\/?page_id=1003"},"modified":"2024-05-12T15:56:44","modified_gmt":"2024-05-12T15:56:44","slug":"susurros","status":"publish","type":"page","link":"https:\/\/pedrocasiano.es\/?page_id=1003","title":{"rendered":"Susurros"},"content":{"rendered":"\n<div class=\"wp-block-media-text is-stacked-on-mobile is-vertically-aligned-top\"><figure class=\"wp-block-media-text__media\"><img decoding=\"async\" width=\"533\" height=\"800\" data-src=\"https:\/\/pedrocasiano.es\/wp-content\/uploads\/2024\/03\/Susurros1peque.jpg\" alt=\"\" class=\"wp-image-5916 size-full lazyload\" src=\"data:image\/svg+xml;base64,PHN2ZyB3aWR0aD0iMSIgaGVpZ2h0PSIxIiB4bWxucz0iaHR0cDovL3d3dy53My5vcmcvMjAwMC9zdmciPjwvc3ZnPg==\" style=\"--smush-placeholder-width: 533px; --smush-placeholder-aspect-ratio: 533\/800;\" \/><\/figure><div class=\"wp-block-media-text__content\">\n<p>Sh&#8230;, lo s\u00e9 todo, lo s\u00e9.<\/p>\n\n\n\n<p><br>Mi hermana que no lo es tambi\u00e9n lo sabe, y cuesta dinero que nadie m\u00e1s lo sepa, sh&#8230;<\/p>\n\n\n\n<p><br>Me perd\u00ed en el camino\u2026<\/p>\n\n\n\n<p><br>No me encuentro, sh\u2026 pero lo s\u00e9 todo de ti.<\/p>\n\n\n\n<p><br>\u00bfNac\u00ed sin alma?, no lo recuerdo, quiz\u00e1s la perd\u00ed por el camino, quiz\u00e1s.<\/p>\n\n\n\n<p><br>\u00bfQuieres arder en napalm?<\/p>\n\n\n\n<p><br>\u00bfSabes que vi el infierno, a mi padre colgado de una viga durante d\u00edas?, y lo m\u00e1s curioso, no me afect\u00f3 en absoluto\u2026 quiz\u00e1s un poco, pero solo eso.<\/p>\n\n\n\n<p><br>Corro para escapar de no s\u00e9 qu\u00e9, que no se de quien, \u00bflo olvid\u00e9?, no lo s\u00e9, o quiz\u00e1s no me acuerdo, no lo s\u00e9.<br>Soy un hijo de puta, \u00bfquieres saber m\u00e1s de m\u00ed?, Sh\u2026<br>Sigue leyendo\u2026pero no se lo digas a nadie\u2026<\/p>\n<\/div><\/div>\n","protected":false},"excerpt":{"rendered":"<p>Sh&#8230;, lo s\u00e9 todo, lo s\u00e9. Mi hermana que no lo es tambi\u00e9n lo sabe, y cuesta dinero que nadie m\u00e1s lo sepa, sh&#8230; Me perd\u00ed en el camino\u2026 No me encuentro, sh\u2026 pero lo s\u00e9 todo de ti. \u00bfNac\u00ed sin alma?, no lo recuerdo, quiz\u00e1s la perd\u00ed por el camino, quiz\u00e1s. \u00bfQuieres arder en &hellip; <\/p>\n<p class=\"link-more\"><a href=\"https:\/\/pedrocasiano.es\/?page_id=1003\" class=\"more-link\">Leer m\u00e1s<span class=\"screen-reader-text\"> \u00abSusurros\u00bb<\/span><\/a><\/p>\n","protected":false},"author":1,"featured_media":0,"parent":0,"menu_order":0,"comment_status":"closed","ping_status":"closed","template":"","meta":{"inspiro_hide_title":false,"footnotes":""},"class_list":["post-1003","page","type-page","status-publish","hentry"],"featured_media_urls":[],"_links":{"self":[{"href":"https:\/\/pedrocasiano.es\/index.php?rest_route=\/wp\/v2\/pages\/1003","targetHints":{"allow":["GET"]}}],"collection":[{"href":"https:\/\/pedrocasiano.es\/index.php?rest_route=\/wp\/v2\/pages"}],"about":[{"href":"https:\/\/pedrocasiano.es\/index.php?rest_route=\/wp\/v2\/types\/page"}],"author":[{"embeddable":true,"href":"https:\/\/pedrocasiano.es\/index.php?rest_route=\/wp\/v2\/users\/1"}],"replies":[{"embeddable":true,"href":"https:\/\/pedrocasiano.es\/index.php?rest_route=%2Fwp%2Fv2%2Fcomments&post=1003"}],"version-history":[{"count":5,"href":"https:\/\/pedrocasiano.es\/index.php?rest_route=\/wp\/v2\/pages\/1003\/revisions"}],"predecessor-version":[{"id":7396,"href":"https:\/\/pedrocasiano.es\/index.php?rest_route=\/wp\/v2\/pages\/1003\/revisions\/7396"}],"wp:attachment":[{"href":"https:\/\/pedrocasiano.es\/index.php?rest_route=%2Fwp%2Fv2%2Fmedia&parent=1003"}],"curies":[{"name":"wp","href":"https:\/\/api.w.org\/{rel}","templated":true}]}}