{"id":1000,"date":"2024-02-16T12:48:20","date_gmt":"2024-02-16T12:48:20","guid":{"rendered":"https:\/\/pedrocasiano.es\/?page_id=1000"},"modified":"2024-03-09T20:57:47","modified_gmt":"2024-03-09T20:57:47","slug":"rutas-que-bordean-el-infierno-2","status":"publish","type":"page","link":"https:\/\/pedrocasiano.es\/?page_id=1000","title":{"rendered":"Rutas que Bordean el Infierno"},"content":{"rendered":"\n<div class=\"wp-block-media-text is-stacked-on-mobile is-vertically-aligned-top\"><figure class=\"wp-block-media-text__media\"><img decoding=\"async\" width=\"533\" height=\"800\" data-src=\"https:\/\/pedrocasiano.es\/wp-content\/uploads\/2024\/03\/Rutas-que-bordean-el-Infiernopeque.jpg\" alt=\"\" class=\"wp-image-5914 size-full lazyload\" src=\"data:image\/svg+xml;base64,PHN2ZyB3aWR0aD0iMSIgaGVpZ2h0PSIxIiB4bWxucz0iaHR0cDovL3d3dy53My5vcmcvMjAwMC9zdmciPjwvc3ZnPg==\" style=\"--smush-placeholder-width: 533px; --smush-placeholder-aspect-ratio: 533\/800;\" \/><\/figure><div class=\"wp-block-media-text__content\">\n<p>Huir de tu pa\u00eds. Solo. Abandonado en los suburbios de una ciudad del sur de los malditos estados.<\/p>\n\n\n\n<p><br>Las pandillas, la soledad, el miedo, los tatuajes, ya eres uno, pero eres de los malditos, se entra nunca se sale, es como si te hubieran marcado paras un seguro sacrificio.<\/p>\n\n\n\n<p><br>Pero subes, quien sabe por qu\u00e9, y todo se vuelve irreal, todo se vuelve como un cuento\u2026 de terror, no es tan agradable como la agon\u00eda de las calles, de los gangs, es a\u00fan peor, maldad, la esencia de lo podrido, la pestilencia de aquellos que lo tienen todo y quieren m\u00e1s a cualquier precio.<\/p>\n\n\n\n<p><br>Y huyes.<\/p>\n\n\n\n<p><br>De vuelta a casa, que nunca fue hogar, que nunca lo ser\u00e1.<br>Eres un proscrito, un olvidado, de nuevo a empezar, y como siempre, m\u00e1s golpes, m\u00e1s dolor, m\u00e1s odio\u2026y descubres que siempre es lo mismo, solo queda la venganza, solo eso puede calmarte la ira de vivir, pero la venganza es cara, se lleva la vida\u2026<\/p>\n<\/div><\/div>\n","protected":false},"excerpt":{"rendered":"<p>Huir de tu pa\u00eds. Solo. Abandonado en los suburbios de una ciudad del sur de los malditos estados. Las pandillas, la soledad, el miedo, los tatuajes, ya eres uno, pero eres de los malditos, se entra nunca se sale, es como si te hubieran marcado paras un seguro sacrificio. Pero subes, quien sabe por qu\u00e9, &hellip; <\/p>\n<p class=\"link-more\"><a href=\"https:\/\/pedrocasiano.es\/?page_id=1000\" class=\"more-link\">Leer m\u00e1s<span class=\"screen-reader-text\"> \u00abRutas que Bordean el Infierno\u00bb<\/span><\/a><\/p>\n","protected":false},"author":1,"featured_media":0,"parent":0,"menu_order":0,"comment_status":"closed","ping_status":"closed","template":"","meta":{"inspiro_hide_title":false,"footnotes":""},"class_list":["post-1000","page","type-page","status-publish","hentry"],"featured_media_urls":[],"_links":{"self":[{"href":"https:\/\/pedrocasiano.es\/index.php?rest_route=\/wp\/v2\/pages\/1000","targetHints":{"allow":["GET"]}}],"collection":[{"href":"https:\/\/pedrocasiano.es\/index.php?rest_route=\/wp\/v2\/pages"}],"about":[{"href":"https:\/\/pedrocasiano.es\/index.php?rest_route=\/wp\/v2\/types\/page"}],"author":[{"embeddable":true,"href":"https:\/\/pedrocasiano.es\/index.php?rest_route=\/wp\/v2\/users\/1"}],"replies":[{"embeddable":true,"href":"https:\/\/pedrocasiano.es\/index.php?rest_route=%2Fwp%2Fv2%2Fcomments&post=1000"}],"version-history":[{"count":4,"href":"https:\/\/pedrocasiano.es\/index.php?rest_route=\/wp\/v2\/pages\/1000\/revisions"}],"predecessor-version":[{"id":5915,"href":"https:\/\/pedrocasiano.es\/index.php?rest_route=\/wp\/v2\/pages\/1000\/revisions\/5915"}],"wp:attachment":[{"href":"https:\/\/pedrocasiano.es\/index.php?rest_route=%2Fwp%2Fv2%2Fmedia&parent=1000"}],"curies":[{"name":"wp","href":"https:\/\/api.w.org\/{rel}","templated":true}]}}