{"id":100,"date":"2024-02-14T15:15:31","date_gmt":"2024-02-14T15:15:31","guid":{"rendered":"https:\/\/pedrocasiano.es\/?page_id=100"},"modified":"2024-07-08T16:49:47","modified_gmt":"2024-07-08T16:49:47","slug":"alimanas","status":"publish","type":"page","link":"https:\/\/pedrocasiano.es\/?page_id=100","title":{"rendered":"Alima\u00f1as"},"content":{"rendered":"\n<div class=\"wp-block-media-text is-stacked-on-mobile is-vertically-aligned-top\"><figure class=\"wp-block-media-text__media\"><img decoding=\"async\" width=\"533\" height=\"800\" data-src=\"https:\/\/pedrocasiano.es\/wp-content\/uploads\/2024\/03\/Portada-Pablo-y-Rosa_3_prueba.jpg\" alt=\"\" class=\"wp-image-6029 size-full lazyload\" src=\"data:image\/svg+xml;base64,PHN2ZyB3aWR0aD0iMSIgaGVpZ2h0PSIxIiB4bWxucz0iaHR0cDovL3d3dy53My5vcmcvMjAwMC9zdmciPjwvc3ZnPg==\" style=\"--smush-placeholder-width: 533px; --smush-placeholder-aspect-ratio: 533\/800;\" \/><\/figure><div class=\"wp-block-media-text__content\">\n<p>La Bestia aparece de nuevo, el imperio de la maldad florece alrededor de ellos, la hidra de cien cabezas est\u00e1 a su alrededor, su podredumbre, su hedor inunda todo, parece engullirlos, devorarlos, su oscuridad se filtra a todo lo que conoce, como si no tuviera fin. Droga, muerte, rapto, violaciones, todo en nombre del Dios dinero, del becerro de oro. La violencia desatada oculta tras trajes de marca, de relojes de oro, infest\u00e1ndolo todo, llegando a cualquier lugar, disimulada, omnipresente e invisible, casi indestructible, normal y p\u00fatrida, y solo aquellos con suficiente valor, con desprecio de su propia vida, creyentes en algo que los justifica podr\u00e1n hacerle frente.<\/p>\n\n\n\n<p>La lucha comienza de nuevo, con las leyes, con el poder de la Justicia, una labor de tiempo, de paciencia, usando todos los medios, y parece acabar, pero surge de nuevo.<\/p>\n\n\n\n<p>Y ataca, cuando parece estar acabada, resurge y lanza toda su maldad con el prop\u00f3sito de destruirlos. Los sicarios de la maldad, \u00e1ngeles negros, tratar\u00e1n de eliminarlos, a ellos y a todos los de su sangre.<\/p>\n\n\n\n<p>Como una hiena, ataca en lo m\u00e1s vulnerable, en todo lo que m\u00e1s aman.<\/p>\n\n\n\n<p>Y Rosa tomara la decisi\u00f3n m\u00e1s dura, perder el alma para proteger a su familia, a todos los que quiere. \u00bfPodr\u00e1n perdonarla?, \u00bfPodr\u00e1 perdonarse?<\/p>\n<\/div><\/div>\n\n\n\n<figure class=\"wp-block-embed alignright is-type-rich is-provider-amazon wp-block-embed-amazon\"><div class=\"wp-block-embed__wrapper\">\n<iframe title=\"PABLO Y ROSA 3: Alima\u00f1as\" type=\"text\/html\" width=\"950\" height=\"550\" frameborder=\"0\" allowfullscreen style=\"max-width:100%\" data-src=\"https:\/\/leer.amazon.es\/kp\/card?preview=inline&#038;linkCode=kpd&#038;ref_=k4w_oembed_6AJ5D9GFk7icGk&#038;asin=B0735R5RDX&#038;tag=kpembed-20\" src=\"data:image\/svg+xml;base64,PHN2ZyB3aWR0aD0iMSIgaGVpZ2h0PSIxIiB4bWxucz0iaHR0cDovL3d3dy53My5vcmcvMjAwMC9zdmciPjwvc3ZnPg==\" class=\"lazyload\" data-load-mode=\"1\"><\/iframe>\n<\/div><\/figure>\n","protected":false},"excerpt":{"rendered":"<p>La Bestia aparece de nuevo, el imperio de la maldad florece alrededor de ellos, la hidra de cien cabezas est\u00e1 a su alrededor, su podredumbre, su hedor inunda todo, parece engullirlos, devorarlos, su oscuridad se filtra a todo lo que conoce, como si no tuviera fin. Droga, muerte, rapto, violaciones, todo en nombre del Dios &hellip; <\/p>\n<p class=\"link-more\"><a href=\"https:\/\/pedrocasiano.es\/?page_id=100\" class=\"more-link\">Leer m\u00e1s<span class=\"screen-reader-text\"> \u00abAlima\u00f1as\u00bb<\/span><\/a><\/p>\n","protected":false},"author":1,"featured_media":0,"parent":0,"menu_order":0,"comment_status":"closed","ping_status":"closed","template":"","meta":{"inspiro_hide_title":false,"footnotes":""},"class_list":["post-100","page","type-page","status-publish","hentry"],"featured_media_urls":[],"_links":{"self":[{"href":"https:\/\/pedrocasiano.es\/index.php?rest_route=\/wp\/v2\/pages\/100","targetHints":{"allow":["GET"]}}],"collection":[{"href":"https:\/\/pedrocasiano.es\/index.php?rest_route=\/wp\/v2\/pages"}],"about":[{"href":"https:\/\/pedrocasiano.es\/index.php?rest_route=\/wp\/v2\/types\/page"}],"author":[{"embeddable":true,"href":"https:\/\/pedrocasiano.es\/index.php?rest_route=\/wp\/v2\/users\/1"}],"replies":[{"embeddable":true,"href":"https:\/\/pedrocasiano.es\/index.php?rest_route=%2Fwp%2Fv2%2Fcomments&post=100"}],"version-history":[{"count":7,"href":"https:\/\/pedrocasiano.es\/index.php?rest_route=\/wp\/v2\/pages\/100\/revisions"}],"predecessor-version":[{"id":8214,"href":"https:\/\/pedrocasiano.es\/index.php?rest_route=\/wp\/v2\/pages\/100\/revisions\/8214"}],"wp:attachment":[{"href":"https:\/\/pedrocasiano.es\/index.php?rest_route=%2Fwp%2Fv2%2Fmedia&parent=100"}],"curies":[{"name":"wp","href":"https:\/\/api.w.org\/{rel}","templated":true}]}}